{"id":885,"date":"2019-12-17T10:38:49","date_gmt":"2019-12-17T10:38:49","guid":{"rendered":"http:\/\/lesfa.com\/?page_id=885"},"modified":"2020-03-13T13:28:17","modified_gmt":"2020-03-13T12:28:17","slug":"mongol","status":"publish","type":"page","link":"https:\/\/interreg-klinikpersonal-ru.de\/index.php\/mongol\/","title":{"rendered":"\u0414\u043b\u044f \u043c\u043e\u043d\u0433\u043e\u043b\u044c\u0441\u043a\u0438\u0445 \u043a\u0430\u043d\u0434\u0438\u0434\u0430\u0442\u043e\u0432"},"content":{"rendered":"\n<p style=\"color:#b10000\" class=\"has-text-color\"><strong>\u041c\u043e\u043d\u0433\u043e\u043b \u044d\u043c\u0447 \u043d\u0430\u0440<\/strong><\/p>\n\n\n\n<p style=\"color:#000000\" class=\"has-text-color\">\u041c\u0430\u043d\u0430\u0439 \u043a\u043e\u043c\u043f\u0430\u043d\u0438 \u041c\u043e\u043d\u0433\u043e\u043b \u0443\u043b\u0441\u0430\u0434 \u0442\u04e9\u043b\u04e9\u04e9\u043b\u04e9\u0433\u0447\u0442\u044d\u0439 \u0431\u043e\u043b\u0441\u043d\u043e\u043e \u0434\u0443\u0443\u043b\u0433\u0430\u0445\u0430\u0434 \u0442\u0430\u0430\u0442\u0430\u0439 \u0431\u0430\u0439\u043d\u0430.  <\/p>\n\n\n\n<div class=\"wp-block-image\"><figure class=\"alignright size-large is-resized\"><img loading=\"lazy\" decoding=\"async\" src=\"https:\/\/interreg-klinikpersonal-ru.de\/wp-content\/uploads\/2019\/12\/Bujin-Foto-Homepage.jpg\" alt=\"\" class=\"wp-image-888\" width=\"245\" height=\"267\" srcset=\"https:\/\/interreg-klinikpersonal-ru.de\/wp-content\/uploads\/2019\/12\/Bujin-Foto-Homepage.jpg 535w, https:\/\/interreg-klinikpersonal-ru.de\/wp-content\/uploads\/2019\/12\/Bujin-Foto-Homepage-276x300.jpg 276w\" sizes=\"auto, (max-width: 245px) 100vw, 245px\" \/><\/figure><\/div>\n\n\n\n<p> \u0411.\u0411\u04af\u0436\u0438\u043d<br> \u0423\u0442\u0430\u0441: 976 88038530<br> \u0418\u043c\u044d\u0439\u043b: <a href=\"mailto:bumtsend.bujin@gmail.com\">bumtsend.bujin@gmail.com<\/a><br> <\/p>\n\n\n\n<p>\u0418\u043d\u0433\u044d\u0441\u043d\u044d\u044d\u0440 \u0431\u0438\u0434 \u043c\u043e\u043d\u0433\u043e\u043b \u044d\u043c\u0447 \u043d\u0430\u0440\u0442 \u0433\u0435\u0440\u043c\u0430\u043d\u044b \u043a\u043b\u0438\u043d\u0438\u043a \u044d\u043c\u043d\u044d\u043b\u044d\u0433\u04af\u04af\u0434\u044d\u0434 \u0431\u0443\u0441\u0430\u0434 \u043c\u044d\u0440\u0433\u044d\u0436\u043b\u044d\u044d\u0440 \u0430\u0436\u0438\u043b\u043b\u0430\u0445 \u0431\u043e\u043b\u043e\u043c\u0436\u044b\u0433 \u0441\u0430\u043d\u0430\u043b \u0431\u043e\u043b\u0433\u043e\u0436 \u0431\u0430\u0439\u043d\u0430. \u041c\u04e9\u043d \u0431\u0438\u0434 \u0430\u043d\u0430\u0433\u0430\u0430\u0445\u0438\u0439\u043d \u0447\u0438\u0433\u043b\u044d\u043b\u0438\u0439\u043d \u0434\u0443\u043d\u0434 \u0442\u04af\u0432\u0448\u0438\u043d\u0438\u0439 \u043c\u044d\u0440\u0433\u044d\u0436\u043b\u04af\u04af\u0434\u044d\u0434 \u0441\u0443\u0440\u0430\u043b\u0446\u0430\u043d\u0433\u0430\u0430 \u043a\u043b\u0438\u043d\u0438\u043a \u044d\u043c\u043d\u044d\u043b\u044d\u0433\u04af\u04af\u0434\u044d\u0434 \u0446\u0430\u043b\u0438\u043d\u0442\u0430\u0439 \u0434\u0430\u0434\u043b\u0430\u0433\u0436\u0438\u0445 \u0431\u043e\u043b\u043e\u043c\u0436\u0442\u043e\u0439 2-3 \u0436\u0438\u043b\u0438\u0439\u043d \u0441\u0443\u0440\u0433\u0430\u043b\u0442\u044b\u0433 \u043c\u043e\u043d\u0433\u043e\u043b \u0437\u0430\u043b\u0443\u0443\u0441\u0434\u0430\u0430 \u0441\u0430\u043d\u0430\u043b \u0431\u043e\u043b\u0433\u043e\u0436 \u0431\u0430\u0439\u043d\u0430.  \u0422\u04e9\u0433\u0441\u04e9\u04e9\u0434 \u0433\u0435\u0440\u043c\u0430\u043d\u044b \u044d\u043c\u043d\u044d\u043b\u0433\u04af\u04af\u0434\u044d\u0434 \u0430\u0436\u0438\u043b\u043b\u0430\u043d\u0430.<\/p>\n\n\n\n<p> \u0425\u044d\u0440\u044d\u0432 \u0442\u0430 \u0441\u043e\u043d\u0438\u0440\u0445\u043e\u0436 \u0431\u0430\u0439\u0433\u0430\u0430 \u0431\u043e\u043b \u0434\u044d\u043b\u0433\u044d\u0440\u044d\u043d\u0433\u04af\u0439 \u043c\u044d\u0434\u044d\u044d\u043b\u043b\u0438\u0439\u0433 \u043c\u0430\u043d\u0430\u0439 \u0430\u043b\u0431\u0430\u043d \u0451\u0441\u043d\u044b \u0442\u04e9\u043b\u04e9\u04e9\u043b\u04e9\u0433\u0447\u04e9\u04e9\u0441 \u0430\u0432\u043d\u0430 \u0443\u0443.  <\/p>\n\n\n\n<p style=\"color:#b10000\" class=\"has-text-color\"><a><strong>Arbeitssuchende aus der Mongolei<\/strong><\/a><\/p>\n\n\n\n<p>Wir freuen uns, Ihnen mitteilen zu k\u00f6nnen, dass wir eine Vertreterin unserer Firma in der Mongolei haben.<\/p>\n\n\n\n<p>B. Bujin<br>Telefon: 976 88038530<br>E-Mail:&nbsp;<a rel=\"noreferrer noopener\" href=\"mailto:bumtsend.bujin@gmail.com\" target=\"_blank\">bumtsend.bujin@gmail.com<\/a><br><\/p>\n\n\n\n<p>Damit erm\u00f6glichen wir mongolischen \u00c4rzten und \u00c4rztinnen sowie Bewerbern in anderen medizinischen Berufen in Kliniken und Praxen in Deutschland zu arbeiten.<\/p>\n\n\n\n<p> Auch erm\u00f6glichen wir eine 2 bis 3-j\u00e4hrige Berufsausbildung in verschiedenen mittleren medizinischen T\u00e4tigkeitsbereichen mit gleichzeitigem bezahltem Praktikum in Kliniken und \u00e4rztlichen Praxen. Anschlie\u00dfend werden die Auszubildenden von den Kliniken und Arztpraxen als Besch\u00e4ftigte eingestellt. <\/p>\n\n\n\n<p>Wenn wir Ihr Interesse geweckt haben, kontaktieren Sie bitte unsere offizielle Vertreterin f\u00fcr weitere Information.<\/p>\n\n\n\n<p class=\"has-medium-font-size\"><\/p>\n","protected":false},"excerpt":{"rendered":"<p>\u041c\u043e\u043d\u0433\u043e\u043b \u044d\u043c\u0447 \u043d\u0430\u0440 \u041c\u0430\u043d\u0430\u0439 \u043a\u043e\u043c\u043f\u0430\u043d\u0438 \u041c\u043e\u043d\u0433\u043e\u043b \u0443\u043b\u0441\u0430\u0434 \u0442\u04e9\u043b\u04e9\u04e9\u043b\u04e9\u0433\u0447\u0442\u044d\u0439 \u0431\u043e\u043b\u0441\u043d\u043e\u043e \u0434\u0443\u0443\u043b\u0433\u0430\u0445\u0430\u0434 \u0442\u0430\u0430\u0442\u0430\u0439 \u0431\u0430\u0439\u043d\u0430. \u0411.\u0411\u04af\u0436\u0438\u043d \u0423\u0442\u0430\u0441: 976 88038530 \u0418\u043c\u044d\u0439\u043b: bumtsend.bujin@gmail.com \u0418\u043d\u0433\u044d\u0441\u043d\u044d\u044d\u0440 \u0431\u0438\u0434 \u043c\u043e\u043d\u0433\u043e\u043b \u044d\u043c\u0447 \u043d\u0430\u0440\u0442 \u0433\u0435\u0440\u043c\u0430\u043d\u044b \u043a\u043b\u0438\u043d\u0438\u043a \u044d\u043c\u043d\u044d\u043b\u044d\u0433\u04af\u04af\u0434\u044d\u0434 \u0431\u0443\u0441\u0430\u0434 \u043c\u044d\u0440\u0433\u044d\u0436\u043b\u044d\u044d\u0440 \u0430\u0436\u0438\u043b\u043b\u0430\u0445 \u0431\u043e\u043b\u043e\u043c\u0436\u044b\u0433 \u0441\u0430\u043d\u0430\u043b \u0431\u043e\u043b\u0433\u043e\u0436 \u0431\u0430\u0439\u043d\u0430. \u041c\u04e9\u043d \u0431\u0438\u0434 \u0430\u043d\u0430\u0433\u0430\u0430\u0445\u0438\u0439\u043d \u0447\u0438\u0433\u043b\u044d\u043b\u0438\u0439\u043d \u0434\u0443\u043d\u0434 \u0442\u04af\u0432\u0448\u0438\u043d\u0438\u0439 \u043c\u044d\u0440\u0433\u044d\u0436\u043b\u04af\u04af\u0434\u044d\u0434 \u0441\u0443\u0440\u0430\u043b\u0446\u0430\u043d\u0433\u0430\u0430 \u043a\u043b\u0438\u043d\u0438\u043a \u044d\u043c\u043d\u044d\u043b\u044d\u0433\u04af\u04af\u0434\u044d\u0434 \u0446\u0430\u043b\u0438\u043d\u0442\u0430\u0439 \u0434\u0430\u0434\u043b\u0430\u0433\u0436\u0438\u0445 \u0431\u043e\u043b\u043e\u043c\u0436\u0442\u043e\u0439 2-3 \u0436\u0438\u043b\u0438\u0439\u043d \u0441\u0443\u0440\u0433\u0430\u043b\u0442\u044b\u0433 \u043c\u043e\u043d\u0433\u043e\u043b \u0437\u0430\u043b\u0443\u0443\u0441\u0434\u0430\u0430 \u0441\u0430\u043d\u0430\u043b \u0431\u043e\u043b\u0433\u043e\u0436 \u0431\u0430\u0439\u043d\u0430. \u0422\u04e9\u0433\u0441\u04e9\u04e9\u0434 &#8230; <a title=\"\u0414\u043b\u044f \u043c\u043e\u043d\u0433\u043e\u043b\u044c\u0441\u043a\u0438\u0445 \u043a\u0430\u043d\u0434\u0438\u0434\u0430\u0442\u043e\u0432\" class=\"read-more\" href=\"https:\/\/interreg-klinikpersonal-ru.de\/index.php\/mongol\/\">Read more <span class=\"screen-reader-text\">\u0414\u043b\u044f \u043c\u043e\u043d\u0433\u043e\u043b\u044c\u0441\u043a\u0438\u0445 \u043a\u0430\u043d\u0434\u0438\u0434\u0430\u0442\u043e\u0432<\/span><\/a><\/p>\n","protected":false},"author":1,"featured_media":0,"parent":0,"menu_order":0,"comment_status":"closed","ping_status":"closed","template":"","meta":{"footnotes":""},"class_list":["post-885","page","type-page","status-publish"],"_links":{"self":[{"href":"https:\/\/interreg-klinikpersonal-ru.de\/index.php\/wp-json\/wp\/v2\/pages\/885","targetHints":{"allow":["GET"]}}],"collection":[{"href":"https:\/\/interreg-klinikpersonal-ru.de\/index.php\/wp-json\/wp\/v2\/pages"}],"about":[{"href":"https:\/\/interreg-klinikpersonal-ru.de\/index.php\/wp-json\/wp\/v2\/types\/page"}],"author":[{"embeddable":true,"href":"https:\/\/interreg-klinikpersonal-ru.de\/index.php\/wp-json\/wp\/v2\/users\/1"}],"replies":[{"embeddable":true,"href":"https:\/\/interreg-klinikpersonal-ru.de\/index.php\/wp-json\/wp\/v2\/comments?post=885"}],"version-history":[{"count":9,"href":"https:\/\/interreg-klinikpersonal-ru.de\/index.php\/wp-json\/wp\/v2\/pages\/885\/revisions"}],"predecessor-version":[{"id":1020,"href":"https:\/\/interreg-klinikpersonal-ru.de\/index.php\/wp-json\/wp\/v2\/pages\/885\/revisions\/1020"}],"wp:attachment":[{"href":"https:\/\/interreg-klinikpersonal-ru.de\/index.php\/wp-json\/wp\/v2\/media?parent=885"}],"curies":[{"name":"wp","href":"https:\/\/api.w.org\/{rel}","templated":true}]}}